{"id":2235,"date":"2023-05-20T00:45:57","date_gmt":"2023-05-19T22:45:57","guid":{"rendered":"https:\/\/maisonarte.pl\/?page_id=2235"},"modified":"2026-04-09T09:28:27","modified_gmt":"2026-04-09T07:28:27","slug":"regulamin","status":"publish","type":"page","link":"https:\/\/maisonarte.pl\/en\/regulamin\/","title":{"rendered":"REGULAMIN"},"content":{"rendered":"<div data-elementor-type=\"wp-page\" data-elementor-id=\"2235\" class=\"elementor elementor-2235\">\n\t\t\t\t<div class=\"elementor-element elementor-element-8c79f49 e-con-full e-flex e-con e-parent\" data-id=\"8c79f49\" data-element_type=\"container\" data-e-type=\"container\">\n\t\t\t\t<div class=\"elementor-element elementor-element-92e690d elementor-widget__width-inherit elementor-widget elementor-widget-heading\" data-id=\"92e690d\" data-element_type=\"widget\" data-e-type=\"widget\" data-widget_type=\"heading.default\">\n\t\t\t\t<div class=\"elementor-widget-container\">\n\t\t\t\t\t<h2 class=\"elementor-heading-title elementor-size-default\">Regulamin<\/h2>\t\t\t\t<\/div>\n\t\t\t\t<\/div>\n\t\t\t\t<\/div>\n\t\t<div class=\"elementor-element elementor-element-0cafb99 e-con-full e-flex e-con e-parent\" data-id=\"0cafb99\" data-element_type=\"container\" data-e-type=\"container\">\n\t\t\t\t<div class=\"elementor-element elementor-element-3fb31d0 elementor-widget__width-inherit elementor-widget elementor-widget-text-editor\" data-id=\"3fb31d0\" data-element_type=\"widget\" data-e-type=\"widget\" data-widget_type=\"text-editor.default\">\n\t\t\t\t<div class=\"elementor-widget-container\">\n\t\t\t\t\t\t\t\t\t<h4><u>Regulamin sklepu internetowego Maison Arte&nbsp;<\/u><\/h4>\n<div>&nbsp;<\/div>\n<h3><b>\u00a71 Postanowienia og\u00f3lne<\/b><\/h3>\n<div>&nbsp;<\/div>\n<p>1. Sklep internetowy Maison Arte dost\u0119pny pod adresem https:\/\/maisonarte.pl (www.maisonarte.pl) prowadzony jest przez Wipi Crafts, ul. Sosnowa 62, 55-040 Domas\u0142aw, NIP: 8961621351, REGON: 524270917<\/p>\n<p>2. Kontakt ze Sprzedawc\u0105:<\/p>\n<p>&nbsp; &nbsp; e-mail: kontakt@maisonarte.pl<\/p>\n<p>&nbsp; &nbsp; telefon: +48 790-353-639<\/p>\n<p>3. Regulamin okre\u015bla zasady korzystania ze sklepu oraz zawierania um\u00f3w sprzeda\u017cy.<\/p>\n<p><\/p>\n<h3><b>\u00a72 Oferta sklepu<\/b><\/h3>\n<div>&nbsp;<\/div>\n<p>1. Sklep oferuje sprzeda\u017c fizycznych produkt\u00f3w handmade, w szczeg\u00f3lno\u015bci dekoracji ze sznurka bawe\u0142nianego oraz obraz\u00f3w i rze\u017ab gipsowych.<\/p>\n<p>2. Produkty s\u0105 wykonywane r\u0119cznie, dlatego mog\u0105 nieznacznie r\u00f3\u017cni\u0107 si\u0119 mi\u0119dzy sob\u0105 oraz od zdj\u0119\u0107 prezentowanych w sklepie.<\/p>\n<p>3. Zdj\u0119cia produkt\u00f3w maj\u0105 charakter pogl\u0105dowy.<\/p>\n<p><\/p>\n<h3><b>\u00a73 Sk\u0142adanie zam\u00f3wie\u0144<\/b><\/h3>\n<div>&nbsp;<\/div>\n<p>1. Zam\u00f3wienia mo\u017cna sk\u0142ada\u0107 24 godziny na dob\u0119.<\/p>\n<p>2. W celu z\u0142o\u017cenia zam\u00f3wienia nale\u017cy:<\/p>\n<p>&nbsp; &nbsp;a) wybra\u0107 produkt,<\/p>\n<p>&nbsp; &nbsp;b) doda\u0107 go do koszyka,<\/p>\n<p>&nbsp; &nbsp;c) wype\u0142ni\u0107 formularz zam\u00f3wienia,<\/p>\n<p>&nbsp; &nbsp;d) wybra\u0107 metod\u0119 p\u0142atno\u015bci i dostawy,<\/p>\n<p>&nbsp; &nbsp;e) potwierdzi\u0107 zam\u00f3wienie.<\/p>\n<p>3. Umowa sprzeda\u017cy zostaje zawarta w momencie potwierdzenia przyj\u0119cia zam\u00f3wienia przez Sprzedawc\u0119.<\/p>\n<p>4. Poprzez klikni\u0119cie przycisku \u201eZ\u0142\u00f3\u017c zam\u00f3wienie&#8221; Klient akceptuje warunki sprzeda\u017cy, w\u0142a\u015bciwo\u015bci oraz cen\u0119 towaru i zobowi\u0105zuje si\u0119 do zap\u0142aty ceny oraz koszt\u00f3w dostawy.<\/p>\n<p>5. Sk\u0142adanie zam\u00f3wienia przez Klienta mo\u017cliwe jest wy\u0142\u0105cznie po podaniu niezb\u0119dnych danych osobowych i adresowych Klienta umo\u017cliwiaj\u0105cych realizacj\u0119 zam\u00f3wienia.<\/p>\n<p>6. W celu skutecznego z\u0142o\u017cenia zam\u00f3wienia niezb\u0119dna jest akceptacja tre\u015bci niniejszego regulaminu oraz polityki prywatno\u015bci, dost\u0119pnej na stronie&nbsp;<a href=\"https:\/\/maisonarte.pl\/en\/polityka-prywatnosci\/\" target=\"_blank\" rel=\"noopener\">https:\/\/maisonarte.pl\/polityka-prywatnosci\/<\/a><\/p>\n<p>7. Sprzedawca zastrzega sobie prawo odmowy realizacji zam\u00f3wie\u0144, kt\u00f3re zosta\u0142y z\u0142o\u017cone bez wskazania adresu e-mail lub gdy Klient poda\u0142 b\u0142\u0119dny adres e-mail.<\/p>\n<p><\/p>\n<h3><b>\u00a74 Ceny i p\u0142atno\u015bci<\/b><\/h3>\n<div>&nbsp;<\/div>\n<p>1. Wszystkie ceny podane w sklepie s\u0105 cenami brutto (zawieraj\u0105 podatek VAT, je\u015bli dotyczy).<\/p>\n<p>2. Sprzedawca mo\u017ce dokonywa\u0107 modyfikacji asortymentu Sklepu, Cen wystawionych Towar\u00f3w, przeprowadza\u0107 i odwo\u0142ywa\u0107 akcje promocyjne.<\/p>\n<p>3. Zmiany wysoko\u015bci Ceny zwi\u0105zane z jej modyfikacj\u0105 lub prowadzon\u0105 przez Sprzedawc\u0119 akcj\u0119 promocyjn\u0105 nie maj\u0105 wp\u0142ywu na zawarte wcze\u015bniej umowy Sprzeda\u017cy.<\/p>\n<p>4. Cena nie zawiera koszt\u00f3w dostawy i p\u0142atno\u015bci. Koszty te obci\u0105\u017caj\u0105 Klienta, chyba \u017ce umowa Sprzeda\u017cy stanowi inaczej.<\/p>\n<p>5. Dokonanie p\u0142atno\u015bci przez Klienta odbywa si\u0119 przed realizacj\u0105 Zam\u00f3wienia lub przy odbiorze zam\u00f3wionego Towaru w przypadku p\u0142atno\u015bci za pobraniem.<\/p>\n<p>6. Dost\u0119pne metody p\u0142atno\u015bci:<\/p>\n<p>&nbsp; &nbsp;* BLIK<\/p>\n<p>&nbsp; &nbsp;* PayNow<\/p>\n<p>&nbsp; &nbsp;* p\u0142atno\u015b\u0107 za pobraniem<\/p>\n<p>3. P\u0142atno\u015bci elektroniczne realizowane s\u0105 przez operatora PayNow.<\/p>\n<p>4. W przypadku obni\u017cki ceny produktu, Sprzedawca informuje o najni\u017cszej cenie z 30 dni przed obni\u017ck\u0105.<\/p>\n<p><\/p>\n<h3><b>&nbsp;\u00a75 Dostawa<\/b><\/h3>\n<div>&nbsp;<\/div>\n<p>1. Dostawa realizowana jest na terenie Polski.<\/p>\n<p>2. Je\u017celi Klient wybra\u0142 spos\u00f3b dostawy poprzez przesy\u0142k\u0119, Towar zostanie wys\u0142any przez Sprzedawc\u0119 w terminie wskazanym w jego opisie, w spos\u00f3b wybrany przez Klienta podczas sk\u0142adania Zam\u00f3wienia.<\/p>\n<p>3. Pocz\u0105tek biegu terminu dostawy Towaru do Klienta liczy si\u0119 w nast\u0119puj\u0105cy spos\u00f3b:<\/p>\n<ul>\n<li>w przypadku wyboru przez Klienta sposobu p\u0142atno\u015bci blik, przelewem lub p\u0142atno\u015bci elektronicznej &#8211; od dnia uznania rachunku bankowego Sprzedawcy;<\/li>\n<\/ul>\n<p>&nbsp;4. Dost\u0119pne metody dostawy:<\/p>\n<p>&nbsp; * InPost Paczkomat<\/p>\n<p>&nbsp; &nbsp;* InPost Kurier<\/p>\n<p>&nbsp; &nbsp;* InPost Kurier za pobraniem<\/p>\n<p>5. Koszt i czas dostawy s\u0105 wskazane podczas sk\u0142adania zam\u00f3wienia.<\/p>\n<p>6. W przypadku stwierdzenia uszkodzenia przesy\u0142ki w transporcie zaleca si\u0119, aby Konsument:<\/p>\n<ul data-spread=\"false\">\n<li>sporz\u0105dzi\u0142 protok\u00f3\u0142 szkody w obecno\u015bci kuriera lub w punkcie odbioru,<\/li>\n<li>\n<p>wykona\u0142 dokumentacj\u0119 zdj\u0119ciow\u0105 uszkodze\u0144,<\/p>\n<\/li>\n<li>\n<p>niezw\u0142ocznie skontaktowa\u0142 si\u0119 ze Sprzedawc\u0105.&nbsp;<\/p>\n<\/li>\n<\/ul>\n<p>7. Powy\u017csze dzia\u0142ania maj\u0105 na celu u\u0142atwienie i przyspieszenie procesu reklamacyjnego.<\/p>\n<p><\/p>\n<h3><b>\u00a76 Prawo odst\u0105pienia od umowy<\/b><\/h3>\n<div>&nbsp;<\/div>\n<p>1. Konsument ma prawo odst\u0105pi\u0107 od umowy w terminie 14 dni bez podania przyczyny.<\/p>\n<p>2. Termin odst\u0105pienia liczony jest od momentu otrzymania produktu.<\/p>\n<p>3. Aby skorzysta\u0107 z prawa odst\u0105pienia, nale\u017cy poinformowa\u0107 Sprzedawc\u0119 drog\u0105 mailow\u0105 na adres email: kontakt@maisonarte.pl<\/p>\n<p>4. Konsument ponosi koszt zwrotu towaru.<\/p>\n<p>5. Konsument odpowiada za zmniejszenie warto\u015bci produktu wynikaj\u0105ce z korzystania z niego w spos\u00f3b wykraczaj\u0105cy poza konieczny.<\/p>\n<p>6. Prawo odst\u0105pienia od umowy Sprzeda\u017cy przys\u0142uguje Konsumentowi zar\u00f3wno co do cz\u0119\u015bci, jak i co do ca\u0142o\u015bci Zam\u00f3wienia.<\/p>\n<p>7. Zwrot p\u0142atno\u015bci nast\u0119puje przy u\u017cyciu takich samych sposob\u00f3w p\u0142atno\u015bci, jakie zosta\u0142y u\u017cyte przez Konsumenta przy z\u0142o\u017ceniu Zam\u00f3wienia, chyba \u017ce odst\u0119puj\u0105cy Konsument wska\u017ce Sprzedawcy inny spos\u00f3b zwrotu p\u0142atno\u015bci, a spos\u00f3b ten nie b\u0119dzie wi\u0105za\u0142 si\u0119 z dodatkowymi kosztami po stronie Sprzedawcy.<\/p>\n<p>8. Sprzedawca mo\u017ce wstrzyma\u0107 si\u0119 ze zwrotem p\u0142atno\u015bci do chwili otrzymania rzeczy lub do chwili dostarczenia przez Konsumenta dowodu jej odes\u0142ania, w zale\u017cno\u015bci od tego, kt\u00f3re zdarzenie nast\u0105pi wcze\u015bniej.<\/p>\n<p>9. Konsument powinien odes\u0142a\u0107 Towar na wskazany w niniejszym Regulaminie adres Sprzedawcy niezw\u0142ocznie, nie p\u00f3\u017aniej ni\u017c 14 dni od dnia, w kt\u00f3rym poinformowa\u0142 Sprzedawc\u0119 o odst\u0105pieniu od Umowy. Termin zostanie zachowany, je\u017celi Konsument ode\u015ble Produkt przed up\u0142ywem terminu 14 dni.<\/p>\n<p>10. Prawo do odst\u0105pienia od umowy nie przys\u0142uguje w przypadku, w kt\u00f3rym:<\/p>\n<ul>\n<li>zam\u00f3wiony Towar stanowi rzecz nieprefabrykowan\u0105, wyprodukowan\u0105 wed\u0142ug specyfikacji podanych przez klienta lub s\u0142u\u017c\u0105c\u0105 zaspokojeniu jego zindywidualizowanych potrzeb.<\/li>\n<\/ul>\n<h3><b>\u00a77 Reklamacje<\/b><\/h3>\n<div>&nbsp;<\/div>\n<p>1. Towar musi by\u0107 zgodny z umow\u0105.&nbsp;<\/p>\n<p>2. Sprzedawca ponosi odpowiedzialno\u015b\u0107 za niezgodno\u015b\u0107 towaru z umow\u0105 wobec Konsumenta przez okres 2 lat od dostarczenia towaru.<\/p>\n<p>3. Sprzedawca nie odpowiada za naturalne cechy materia\u0142\u00f3w (np. drobne r\u00f3\u017cnice w odcieniu w\u0142\u00f3czki, s\u0142oje w drewnie, chropowato\u015b\u0107 w\u0142\u00f3czki), kt\u00f3re wynikaj\u0105 z natury materia\u0142u, a nie s\u0105 b\u0142\u0119dem wykonania.<\/p>\n<p>4. W przypadku niezgodno\u015bci towaru z umow\u0105 Konsument ma prawo do:<\/p>\n<ul>\n<li>naprawy<\/li>\n<li>wymiany<\/li>\n<li>obni\u017cenia ceny<\/li>\n<li>odst\u0105pienia od umowy<\/li>\n<\/ul>\n<p>5. Reklamacj\u0119 nale\u017cy zg\u0142osi\u0107 mailowo na adres email: kontakt@maisonarte.pl<\/p>\n<p>6. Sprzedawca ustosunkuje si\u0119 do reklamacji w terminie 14 dni.<\/p>\n<p>7. W reklamacji nale\u017cy poda\u0107:<\/p>\n<ul>\n<li>numer Zam\u00f3wienia (lub inne dane pozwalaj\u0105ce na identyfikacj\u0119 Zam\u00f3wienia);<\/li>\n<li>dane kontaktowe reklamuj\u0105cego Klienta;<\/li>\n<li>opis zdarzenia b\u0119d\u0105cego podstaw\u0105 reklamacji.<\/li>\n<\/ul>\n<p>8. Je\u015bli Konsument z\u0142o\u017cy\u0142 reklamacj\u0119, a Sprzedawca nie ustosunkuje si\u0119 do zg\u0142oszonej reklamacji w tym terminie, uwa\u017ca si\u0119, \u017ce \u017c\u0105danie Konsumenta uzna\u0142 za uzasadnione.<\/p>\n<p><\/p>\n<div>\n<h3><b>\u00a78 Dane osobowe<\/b><\/h3>\n<div>&nbsp;<\/div>\n<p>1. Dane osobowe przetwarzane s\u0105 zgodnie z obowi\u0105zuj\u0105cymi przepisami oraz&nbsp;<a href=\"https:\/\/maisonarte.pl\/en\/polityka-prywatnosci\/\" target=\"_blank\" rel=\"noopener\">Polityk\u0105 Prywatno\u015bci<\/a>.<\/p>\n<p><\/p>\n<h3><b>\u00a79 Bezpiecze\u0144stwo produkt\u00f3w (GPSR)<\/b><\/h3>\n<div>&nbsp;<\/div>\n<p>1. Produkty oferowane w sklepie s\u0105 bezpieczne i spe\u0142niaj\u0105 obowi\u0105zuj\u0105ce wymagania prawa Unii Europejskiej.<br>2. Podmiotem odpowiedzialnym za produkt jest Sprzedawca.<br>3. Wszystkie tre\u015bci zamieszczone w sklepie, w szczeg\u00f3lno\u015bci zdj\u0119cia, opisy produkt\u00f3w oraz projekty stanowi\u0105 w\u0142asno\u015b\u0107 Sprzedawcy.<\/p>\n<p><\/p>\n<\/div>\n<div>\n<h3><b>\u00a710 Postanowienia ko\u0144cowe<\/b><\/h3>\n<div>&nbsp;<\/div>\n<p>1. W sprawach nieuregulowanych w tym regulaminie zastosowanie maj\u0105 przepisy prawa polskiego.<\/p>\n<p>2. Zawarto\u015b\u0107 stron Sklepu stanowi w\u0142asno\u015b\u0107 Sprzedawcy i jest prawnie chroniona.<\/p>\n<p>3. Sprzedawca nie ponosi odpowiedzialno\u015bci za czasowe zak\u0142\u00f3cenia w funkcjonowaniu Sklepu wynikaj\u0105ce z si\u0142y wy\u017cszej, dzia\u0142a\u0144 os\u00f3b trzecich lub problem\u00f3w technicznych niezale\u017cnych od Sprzedawcy.&nbsp; Powy\u017csze nie wy\u0142\u0105cza ani nie ogranicza praw Konsumenta wynikaj\u0105cych z obowi\u0105zuj\u0105cych przepis\u00f3w prawa.<\/p>\n<p>4. W przypadku ewentualnej niezgodno\u015bci postanowie\u0144 Regulaminu z przepisami prawa, zastosowanie maj\u0105 przepisy prawa.&nbsp;<\/p>\n<p>5. Sprzedawca zastrzega sobie prawo do zmiany Regulaminu z wa\u017cnych przyczyn, w szczeg\u00f3lno\u015bci:<\/p>\n<p>&#8211; zmiany sposob\u00f3w p\u0142atno\u015bci lub dostawy.<\/p>\n<\/div>\t\t\t\t\t\t\t\t<\/div>\n\t\t\t\t<\/div>\n\t\t\t\t<\/div>\n\t\t\t\t<\/div>","protected":false},"excerpt":{"rendered":"<p>Regulamin Regulamin sklepu internetowego Maison Arte&nbsp; &nbsp; \u00a71 Postanowienia og\u00f3lne &nbsp; 1. Sklep internetowy Maison Arte dost\u0119pny pod adresem https:\/\/maisonarte.pl (www.maisonarte.pl) prowadzony jest przez Wipi Crafts, ul. Sosnowa 62, 55-040 Domas\u0142aw, NIP: 8961621351, REGON: 524270917 2. Kontakt ze Sprzedawc\u0105: &nbsp; &nbsp; e-mail: kontakt@maisonarte.pl &nbsp; &nbsp; telefon: +48 790-353-639 3. Regulamin okre\u015bla zasady korzystania ze sklepu oraz zawierania um\u00f3w sprzeda\u017cy. \u00a72 Oferta sklepu &nbsp; 1. Sklep oferuje sprzeda\u017c fizycznych produkt\u00f3w handmade, w szczeg\u00f3lno\u015bci dekoracji ze sznurka bawe\u0142nianego oraz obraz\u00f3w i rze\u017ab gipsowych. 2. Produkty s\u0105 wykonywane r\u0119cznie, dlatego mog\u0105 nieznacznie r\u00f3\u017cni\u0107 si\u0119 mi\u0119dzy sob\u0105 oraz od zdj\u0119\u0107 prezentowanych w sklepie. 3. Zdj\u0119cia produkt\u00f3w maj\u0105 charakter pogl\u0105dowy. \u00a73 Sk\u0142adanie zam\u00f3wie\u0144 &nbsp; 1. Zam\u00f3wienia mo\u017cna sk\u0142ada\u0107 24 godziny na dob\u0119. 2. W celu z\u0142o\u017cenia zam\u00f3wienia nale\u017cy: &nbsp; &nbsp;a) wybra\u0107 produkt, &nbsp; &nbsp;b) doda\u0107 go do koszyka, &nbsp; &nbsp;c) wype\u0142ni\u0107 formularz zam\u00f3wienia, &nbsp; &nbsp;d) wybra\u0107 metod\u0119 p\u0142atno\u015bci i dostawy, &nbsp; &nbsp;e) potwierdzi\u0107 zam\u00f3wienie. 3. Umowa sprzeda\u017cy zostaje zawarta w momencie potwierdzenia przyj\u0119cia zam\u00f3wienia przez Sprzedawc\u0119. 4. Poprzez klikni\u0119cie przycisku \u201eZ\u0142\u00f3\u017c zam\u00f3wienie&#8221; Klient akceptuje warunki sprzeda\u017cy, w\u0142a\u015bciwo\u015bci oraz cen\u0119 towaru i zobowi\u0105zuje si\u0119 do zap\u0142aty ceny oraz koszt\u00f3w dostawy. 5. Sk\u0142adanie zam\u00f3wienia przez Klienta mo\u017cliwe jest wy\u0142\u0105cznie po podaniu niezb\u0119dnych danych osobowych i adresowych Klienta umo\u017cliwiaj\u0105cych realizacj\u0119 zam\u00f3wienia. 6. W celu skutecznego z\u0142o\u017cenia zam\u00f3wienia niezb\u0119dna jest akceptacja tre\u015bci niniejszego regulaminu oraz polityki prywatno\u015bci, dost\u0119pnej na stronie&nbsp;https:\/\/maisonarte.pl\/polityka-prywatnosci\/ 7. Sprzedawca zastrzega sobie prawo odmowy realizacji zam\u00f3wie\u0144, kt\u00f3re zosta\u0142y z\u0142o\u017cone bez wskazania adresu e-mail lub gdy Klient poda\u0142 b\u0142\u0119dny adres e-mail. \u00a74 Ceny i p\u0142atno\u015bci &nbsp; 1. Wszystkie ceny podane w sklepie s\u0105 cenami brutto (zawieraj\u0105 podatek VAT, je\u015bli dotyczy). 2. Sprzedawca mo\u017ce dokonywa\u0107 modyfikacji asortymentu Sklepu, Cen wystawionych Towar\u00f3w, przeprowadza\u0107 i odwo\u0142ywa\u0107 akcje promocyjne. 3. Zmiany wysoko\u015bci Ceny zwi\u0105zane z jej modyfikacj\u0105 lub prowadzon\u0105 przez Sprzedawc\u0119 akcj\u0119 promocyjn\u0105 nie maj\u0105 wp\u0142ywu na zawarte wcze\u015bniej umowy Sprzeda\u017cy. 4. Cena nie zawiera koszt\u00f3w dostawy i p\u0142atno\u015bci. Koszty te obci\u0105\u017caj\u0105 Klienta, chyba \u017ce umowa Sprzeda\u017cy stanowi inaczej. 5. Dokonanie p\u0142atno\u015bci przez Klienta odbywa si\u0119 przed realizacj\u0105 Zam\u00f3wienia lub przy odbiorze zam\u00f3wionego Towaru w przypadku p\u0142atno\u015bci za pobraniem. 6. Dost\u0119pne metody p\u0142atno\u015bci: &nbsp; &nbsp;* BLIK &nbsp; &nbsp;* PayNow &nbsp; &nbsp;* p\u0142atno\u015b\u0107 za pobraniem 3. P\u0142atno\u015bci elektroniczne realizowane s\u0105 przez operatora PayNow. 4. W przypadku obni\u017cki ceny produktu, Sprzedawca informuje o najni\u017cszej cenie z 30 dni przed obni\u017ck\u0105. &nbsp;\u00a75 Dostawa &nbsp; 1. Dostawa realizowana jest na terenie Polski. 2. Je\u017celi Klient wybra\u0142 spos\u00f3b dostawy poprzez przesy\u0142k\u0119, Towar zostanie wys\u0142any przez Sprzedawc\u0119 w terminie wskazanym w jego opisie, w spos\u00f3b wybrany przez Klienta podczas sk\u0142adania Zam\u00f3wienia. 3. Pocz\u0105tek biegu terminu dostawy Towaru do Klienta liczy si\u0119 w nast\u0119puj\u0105cy spos\u00f3b: w przypadku wyboru przez Klienta sposobu p\u0142atno\u015bci blik, przelewem lub p\u0142atno\u015bci elektronicznej &#8211; od dnia uznania rachunku bankowego Sprzedawcy; &nbsp;4. Dost\u0119pne metody dostawy: &nbsp; * InPost Paczkomat &nbsp; &nbsp;* InPost Kurier &nbsp; &nbsp;* InPost Kurier za pobraniem 5. Koszt i czas dostawy s\u0105 wskazane podczas sk\u0142adania zam\u00f3wienia. 6. W przypadku stwierdzenia uszkodzenia przesy\u0142ki w transporcie zaleca si\u0119, aby Konsument: sporz\u0105dzi\u0142 protok\u00f3\u0142 szkody w obecno\u015bci kuriera lub w punkcie odbioru, wykona\u0142 dokumentacj\u0119 zdj\u0119ciow\u0105 uszkodze\u0144, niezw\u0142ocznie skontaktowa\u0142 si\u0119 ze Sprzedawc\u0105.&nbsp; 7. Powy\u017csze dzia\u0142ania maj\u0105 na celu u\u0142atwienie i przyspieszenie procesu reklamacyjnego. \u00a76 Prawo odst\u0105pienia od umowy &nbsp; 1. Konsument ma prawo odst\u0105pi\u0107 od umowy w terminie 14 dni bez podania przyczyny. 2. Termin odst\u0105pienia liczony jest od momentu otrzymania produktu. 3. Aby skorzysta\u0107 z prawa odst\u0105pienia, nale\u017cy poinformowa\u0107 Sprzedawc\u0119 drog\u0105 mailow\u0105 na adres email: kontakt@maisonarte.pl 4. Konsument ponosi koszt zwrotu towaru. 5. Konsument odpowiada za zmniejszenie warto\u015bci produktu wynikaj\u0105ce z korzystania z niego w spos\u00f3b wykraczaj\u0105cy poza konieczny. 6. Prawo odst\u0105pienia od umowy Sprzeda\u017cy przys\u0142uguje Konsumentowi zar\u00f3wno co do cz\u0119\u015bci, jak i co do ca\u0142o\u015bci Zam\u00f3wienia. 7. Zwrot p\u0142atno\u015bci nast\u0119puje przy u\u017cyciu takich samych sposob\u00f3w p\u0142atno\u015bci, jakie zosta\u0142y u\u017cyte przez Konsumenta przy z\u0142o\u017ceniu Zam\u00f3wienia, chyba \u017ce odst\u0119puj\u0105cy Konsument wska\u017ce Sprzedawcy inny spos\u00f3b zwrotu p\u0142atno\u015bci, a spos\u00f3b ten nie b\u0119dzie wi\u0105za\u0142 si\u0119 z dodatkowymi kosztami po stronie Sprzedawcy. 8. Sprzedawca mo\u017ce wstrzyma\u0107 si\u0119 ze zwrotem p\u0142atno\u015bci do chwili otrzymania rzeczy lub do chwili dostarczenia przez Konsumenta dowodu jej odes\u0142ania, w zale\u017cno\u015bci od tego, kt\u00f3re zdarzenie nast\u0105pi wcze\u015bniej. 9. Konsument powinien odes\u0142a\u0107 Towar na wskazany w niniejszym Regulaminie adres Sprzedawcy niezw\u0142ocznie, nie p\u00f3\u017aniej ni\u017c 14 dni od dnia, w kt\u00f3rym poinformowa\u0142 Sprzedawc\u0119 o odst\u0105pieniu od Umowy. Termin zostanie zachowany, je\u017celi Konsument ode\u015ble Produkt przed up\u0142ywem terminu 14 dni. 10. Prawo do odst\u0105pienia od umowy nie przys\u0142uguje w przypadku, w kt\u00f3rym: zam\u00f3wiony Towar stanowi rzecz nieprefabrykowan\u0105, wyprodukowan\u0105 wed\u0142ug specyfikacji podanych przez klienta lub s\u0142u\u017c\u0105c\u0105 zaspokojeniu jego zindywidualizowanych potrzeb. \u00a77 Reklamacje &nbsp; 1. Towar musi by\u0107 zgodny z umow\u0105.&nbsp; 2. Sprzedawca ponosi odpowiedzialno\u015b\u0107 za niezgodno\u015b\u0107 towaru z umow\u0105 wobec Konsumenta przez okres 2 lat od dostarczenia towaru. 3. Sprzedawca nie odpowiada za naturalne cechy materia\u0142\u00f3w (np. drobne r\u00f3\u017cnice w odcieniu w\u0142\u00f3czki, s\u0142oje w drewnie, chropowato\u015b\u0107 w\u0142\u00f3czki), kt\u00f3re wynikaj\u0105 z natury materia\u0142u, a nie s\u0105 b\u0142\u0119dem wykonania. 4. W przypadku niezgodno\u015bci towaru z umow\u0105 Konsument ma prawo do: naprawy wymiany obni\u017cenia ceny odst\u0105pienia od umowy 5. Reklamacj\u0119 nale\u017cy zg\u0142osi\u0107 mailowo na adres email: kontakt@maisonarte.pl 6. Sprzedawca ustosunkuje si\u0119 do reklamacji w terminie 14 dni. 7. W reklamacji nale\u017cy poda\u0107: numer Zam\u00f3wienia (lub inne dane pozwalaj\u0105ce na identyfikacj\u0119 Zam\u00f3wienia); dane kontaktowe reklamuj\u0105cego Klienta; opis zdarzenia b\u0119d\u0105cego podstaw\u0105 reklamacji. 8. Je\u015bli Konsument z\u0142o\u017cy\u0142 reklamacj\u0119, a Sprzedawca nie ustosunkuje si\u0119 do zg\u0142oszonej reklamacji w tym terminie, uwa\u017ca si\u0119, \u017ce \u017c\u0105danie Konsumenta uzna\u0142 za uzasadnione. \u00a78 Dane osobowe &nbsp; 1. Dane osobowe przetwarzane s\u0105 zgodnie z obowi\u0105zuj\u0105cymi przepisami oraz&nbsp;Polityk\u0105 Prywatno\u015bci. \u00a79 Bezpiecze\u0144stwo produkt\u00f3w (GPSR) &nbsp; 1. Produkty oferowane w sklepie s\u0105 bezpieczne i spe\u0142niaj\u0105 obowi\u0105zuj\u0105ce wymagania prawa Unii Europejskiej.2. Podmiotem odpowiedzialnym za produkt jest Sprzedawca.3. Wszystkie tre\u015bci zamieszczone w sklepie, w szczeg\u00f3lno\u015bci zdj\u0119cia, opisy produkt\u00f3w oraz projekty stanowi\u0105 w\u0142asno\u015b\u0107 Sprzedawcy. \u00a710 Postanowienia ko\u0144cowe &nbsp; 1. W sprawach nieuregulowanych w tym regulaminie zastosowanie maj\u0105 przepisy prawa polskiego. 2. Zawarto\u015b\u0107 stron Sklepu stanowi w\u0142asno\u015b\u0107 Sprzedawcy i jest prawnie chroniona. 3. Sprzedawca nie ponosi odpowiedzialno\u015bci za czasowe zak\u0142\u00f3cenia w funkcjonowaniu Sklepu wynikaj\u0105ce z si\u0142y wy\u017cszej, dzia\u0142a\u0144 os\u00f3b trzecich lub problem\u00f3w technicznych niezale\u017cnych od Sprzedawcy.&nbsp; Powy\u017csze nie wy\u0142\u0105cza ani nie ogranicza praw Konsumenta wynikaj\u0105cych z obowi\u0105zuj\u0105cych przepis\u00f3w prawa.<\/p>","protected":false},"author":1,"featured_media":0,"parent":0,"menu_order":0,"comment_status":"closed","ping_status":"closed","template":"","meta":{"site-sidebar-layout":"no-sidebar","site-content-layout":"page-builder","ast-site-content-layout":"default","site-content-style":"default","site-sidebar-style":"default","ast-global-header-display":"","ast-banner-title-visibility":"","ast-main-header-display":"","ast-hfb-above-header-display":"","ast-hfb-below-header-display":"","ast-hfb-mobile-header-display":"","site-post-title":"disabled","ast-breadcrumbs-content":"","ast-featured-img":"disabled","footer-sml-layout":"","ast-disable-related-posts":"","theme-transparent-header-meta":"","adv-header-id-meta":"","stick-header-meta":"","header-above-stick-meta":"","header-main-stick-meta":"","header-below-stick-meta":"","astra-migrate-meta-layouts":"default","ast-page-background-enabled":"default","ast-page-background-meta":{"desktop":{"background-color":"var(--ast-global-color-5)","background-image":"","background-repeat":"repeat","background-position":"center center","background-size":"auto","background-attachment":"scroll","background-type":"","background-media":"","overlay-type":"","overlay-color":"","overlay-opacity":"","overlay-gradient":""},"tablet":{"background-color":"","background-image":"","background-repeat":"repeat","background-position":"center center","background-size":"auto","background-attachment":"scroll","background-type":"","background-media":"","overlay-type":"","overlay-color":"","overlay-opacity":"","overlay-gradient":""},"mobile":{"background-color":"","background-image":"","background-repeat":"repeat","background-position":"center center","background-size":"auto","background-attachment":"scroll","background-type":"","background-media":"","overlay-type":"","overlay-color":"","overlay-opacity":"","overlay-gradient":""}},"ast-content-background-meta":{"desktop":{"background-color":"var(--ast-global-color-4)","background-image":"","background-repeat":"repeat","background-position":"center center","background-size":"auto","background-attachment":"scroll","background-type":"","background-media":"","overlay-type":"","overlay-color":"","overlay-opacity":"","overlay-gradient":""},"tablet":{"background-color":"var(--ast-global-color-4)","background-image":"","background-repeat":"repeat","background-position":"center center","background-size":"auto","background-attachment":"scroll","background-type":"","background-media":"","overlay-type":"","overlay-color":"","overlay-opacity":"","overlay-gradient":""},"mobile":{"background-color":"var(--ast-global-color-4)","background-image":"","background-repeat":"repeat","background-position":"center center","background-size":"auto","background-attachment":"scroll","background-type":"","background-media":"","overlay-type":"","overlay-color":"","overlay-opacity":"","overlay-gradient":""}},"footnotes":""},"class_list":["post-2235","page","type-page","status-publish","hentry"],"_links":{"self":[{"href":"https:\/\/maisonarte.pl\/en\/wp-json\/wp\/v2\/pages\/2235","targetHints":{"allow":["GET"]}}],"collection":[{"href":"https:\/\/maisonarte.pl\/en\/wp-json\/wp\/v2\/pages"}],"about":[{"href":"https:\/\/maisonarte.pl\/en\/wp-json\/wp\/v2\/types\/page"}],"author":[{"embeddable":true,"href":"https:\/\/maisonarte.pl\/en\/wp-json\/wp\/v2\/users\/1"}],"replies":[{"embeddable":true,"href":"https:\/\/maisonarte.pl\/en\/wp-json\/wp\/v2\/comments?post=2235"}],"version-history":[{"count":0,"href":"https:\/\/maisonarte.pl\/en\/wp-json\/wp\/v2\/pages\/2235\/revisions"}],"wp:attachment":[{"href":"https:\/\/maisonarte.pl\/en\/wp-json\/wp\/v2\/media?parent=2235"}],"curies":[{"name":"wp","href":"https:\/\/api.w.org\/{rel}","templated":true}]}}