{"id":2239,"date":"2023-05-20T00:45:57","date_gmt":"2023-05-19T22:45:57","guid":{"rendered":"https:\/\/maisonarte.pl\/?page_id=2239"},"modified":"2026-04-09T22:31:44","modified_gmt":"2026-04-09T20:31:44","slug":"faq","status":"publish","type":"page","link":"https:\/\/maisonarte.pl\/en\/faq\/","title":{"rendered":"FAQ"},"content":{"rendered":"<div data-elementor-type=\"wp-page\" data-elementor-id=\"2239\" class=\"elementor elementor-2239\">\n\t\t\t\t<div class=\"elementor-element elementor-element-79a7b5b e-con-full e-flex e-con e-parent\" data-id=\"79a7b5b\" data-element_type=\"container\" data-e-type=\"container\">\n\t\t\t\t<div class=\"elementor-element elementor-element-80e40d6 elementor-widget elementor-widget-heading\" data-id=\"80e40d6\" data-element_type=\"widget\" data-e-type=\"widget\" data-widget_type=\"heading.default\">\n\t\t\t\t<div class=\"elementor-widget-container\">\n\t\t\t\t\t<h2 class=\"elementor-heading-title elementor-size-default\">Zam\u00f3wienia, wysy\u0142ka, zwroty<\/h2>\t\t\t\t<\/div>\n\t\t\t\t<\/div>\n\t\t\t\t<div class=\"elementor-element elementor-element-0c3ba09 elementor-widget elementor-widget-eael-adv-accordion\" data-id=\"0c3ba09\" data-element_type=\"widget\" data-e-type=\"widget\" data-widget_type=\"eael-adv-accordion.default\">\n\t\t\t\t<div class=\"elementor-widget-container\">\n\t\t\t\t\t            <div class=\"eael-adv-accordion\" id=\"eael-adv-accordion-0c3ba09\" data-scroll-on-click=\"no\" data-scroll-speed=\"300\" data-accordion-id=\"0c3ba09\" data-accordion-type=\"accordion\" data-toogle-speed=\"300\">\n            <div class=\"eael-accordion-list\">\n\t\t\t\t\t<div id=\"jak-zoy-zamwienie\" class=\"elementor-tab-title eael-accordion-header\" tabindex=\"0\" data-tab=\"1\" aria-controls=\"elementor-tab-content-1281\"><span class=\"eael-advanced-accordion-icon-closed\"><i aria-hidden=\"true\" class=\"fa-accordion-icon fas fa-plus\"><\/i><\/span><span class=\"eael-advanced-accordion-icon-opened\"><i aria-hidden=\"true\" class=\"fa-accordion-icon fas fa-minus\"><\/i><\/span><span class=\"eael-accordion-tab-title\">Jak z\u0142o\u017cy\u0107 zam\u00f3wienie?<\/span><i aria-hidden=\"true\" class=\"fa-toggle fas fa-angle-right\"><\/i><\/div><div id=\"elementor-tab-content-1281\" class=\"eael-accordion-content clearfix\" data-tab=\"1\" aria-labelledby=\"jak-zoy-zamwienie\"><p>Chcesz z\u0142o\u017cy\u0107 zam\u00f3wienie w naszym sklepie? Wybierz produkt, kt\u00f3ry przypad\u0142 Ci do gustu, dodaj produkt do koszyka, przejd\u017a do kasy i wype\u0142nij swoje dane adresowe. Wybierz dogodn\u0105 dla Ciebie form\u0119 dostawy i przejd\u017a do p\u0142atno\u015bci. P\u0142atno\u015bci mo\u017cna dokona\u0107 poprzez PayNow, Blik lub wybra\u0107 opcj\u0119 za pobraniem.\u00a0<\/p><\/div>\n\t\t\t\t\t<\/div><div class=\"eael-accordion-list\">\n\t\t\t\t\t<div id=\"jaki-jest-czas-dostawy\" class=\"elementor-tab-title eael-accordion-header\" tabindex=\"0\" data-tab=\"2\" aria-controls=\"elementor-tab-content-1282\"><span class=\"eael-advanced-accordion-icon-closed\"><i aria-hidden=\"true\" class=\"fa-accordion-icon fas fa-plus\"><\/i><\/span><span class=\"eael-advanced-accordion-icon-opened\"><i aria-hidden=\"true\" class=\"fa-accordion-icon fas fa-minus\"><\/i><\/span><span class=\"eael-accordion-tab-title\">Jaki jest czas dostawy?<\/span><i aria-hidden=\"true\" class=\"fa-toggle fas fa-angle-right\"><\/i><\/div><div id=\"elementor-tab-content-1282\" class=\"eael-accordion-content clearfix\" data-tab=\"2\" aria-labelledby=\"jaki-jest-czas-dostawy\"><p>Czas dostawy to \u015brednio 5-7 dni w zale\u017cno\u015bci od dost\u0119pno\u015bci produktu. Czasami czas oczekiwania jest d\u0142u\u017cszy z racji r\u0119cznego wykonywania obrazu. Je\u015bli produkt jest tworzony na zam\u00f3wienie, czas mo\u017ce by\u0107 nieco d\u0142u\u017cszy \u2014 informacja zawsze znajduje si\u0119 na stronie produktu. Dok\u0142adamy wszelkich stara\u0144 aby paczka dotar\u0142a do Ciebie jak najszybciej, mo\u017cliwe s\u0105 jednak op\u00f3\u017anienia po stronie przewo\u017anika.<\/p><\/div>\n\t\t\t\t\t<\/div><div class=\"eael-accordion-list\">\n\t\t\t\t\t<div id=\"jak-dokona-zwrotu-produktw\" class=\"elementor-tab-title eael-accordion-header\" tabindex=\"0\" data-tab=\"3\" aria-controls=\"elementor-tab-content-1283\"><span class=\"eael-advanced-accordion-icon-closed\"><i aria-hidden=\"true\" class=\"fa-accordion-icon fas fa-plus\"><\/i><\/span><span class=\"eael-advanced-accordion-icon-opened\"><i aria-hidden=\"true\" class=\"fa-accordion-icon fas fa-minus\"><\/i><\/span><span class=\"eael-accordion-tab-title\">Jak dokona\u0107 zwrotu produkt\u00f3w?<\/span><i aria-hidden=\"true\" class=\"fa-toggle fas fa-angle-right\"><\/i><\/div><div id=\"elementor-tab-content-1283\" class=\"eael-accordion-content clearfix\" data-tab=\"3\" aria-labelledby=\"jak-dokona-zwrotu-produktw\"><p>Na dokonanie zwrotu masz 14 dni od momentu odebrania paczki. Je\u015bli chcesz zwr\u00f3ci\u0107 lub zareklamowa\u0107 produkt rekomendujemy odwiedzi\u0107 nasz\u0105 stron\u0119 <a href=\"https:\/\/maisonarte.pl\/en\/polityka-zwrotu\/\">ZWROTY I REKLAMACJE,\u00a0<\/a>na kt\u00f3rej znajdziesz wszystkie potrzebne informacje oraz formularz zwrotu\/reklamacji.\u00a0<\/p><\/div>\n\t\t\t\t\t<\/div><div class=\"eael-accordion-list\">\n\t\t\t\t\t<div id=\"zamawiaem-kilka-produktw-a-otrzymaemam-jeden\" class=\"elementor-tab-title eael-accordion-header\" tabindex=\"0\" data-tab=\"4\" aria-controls=\"elementor-tab-content-1284\"><span class=\"eael-advanced-accordion-icon-closed\"><i aria-hidden=\"true\" class=\"fa-accordion-icon fas fa-plus\"><\/i><\/span><span class=\"eael-advanced-accordion-icon-opened\"><i aria-hidden=\"true\" class=\"fa-accordion-icon fas fa-minus\"><\/i><\/span><span class=\"eael-accordion-tab-title\">Zamawia\u0142em kilka produkt\u00f3w, a otrzyma\u0142em\/am jeden?<\/span><i aria-hidden=\"true\" class=\"fa-toggle fas fa-angle-right\"><\/i><\/div><div id=\"elementor-tab-content-1284\" class=\"eael-accordion-content clearfix\" data-tab=\"4\" aria-labelledby=\"zamawiaem-kilka-produktw-a-otrzymaemam-jeden\"><p>Je\u015bli zam\u00f3wi\u0142e\u015b wi\u0119cej produkt\u00f3w, to mog\u0142y zosta\u0107 one wys\u0142ane w osobnych paczkach. Prosimy o oczekiwanie na kolejne paczki, kt\u00f3re niebawem b\u0119d\u0105 na miejscu. Je\u015bli nie dosta\u0142e\u015b swojego produktu skontaktuj si\u0119 z nami jak najszybciej!<\/p><\/div>\n\t\t\t\t\t<\/div><div class=\"eael-accordion-list\">\n\t\t\t\t\t<div id=\"czy-wysyacie-za-granic-\" class=\"elementor-tab-title eael-accordion-header\" tabindex=\"0\" data-tab=\"5\" aria-controls=\"elementor-tab-content-1285\"><span class=\"eael-advanced-accordion-icon-closed\"><i aria-hidden=\"true\" class=\"fa-accordion-icon fas fa-plus\"><\/i><\/span><span class=\"eael-advanced-accordion-icon-opened\"><i aria-hidden=\"true\" class=\"fa-accordion-icon fas fa-minus\"><\/i><\/span><span class=\"eael-accordion-tab-title\">Czy wysy\u0142acie za granic\u0119? <\/span><i aria-hidden=\"true\" class=\"fa-toggle fas fa-angle-right\"><\/i><\/div><div id=\"elementor-tab-content-1285\" class=\"eael-accordion-content clearfix\" data-tab=\"5\" aria-labelledby=\"czy-wysyacie-za-granic-\"><p>Nie, niestety na ten moment nie realizujemy wysy\u0142ki za granic\u0119.<\/p><\/div>\n\t\t\t\t\t<\/div><\/div>\t\t\t\t<\/div>\n\t\t\t\t<\/div>\n\t\t\t\t<\/div>\n\t\t<div class=\"elementor-element elementor-element-758627d e-con-full e-flex e-con e-parent\" data-id=\"758627d\" data-element_type=\"container\" data-e-type=\"container\">\n\t\t\t\t<div class=\"elementor-element elementor-element-1dd2493 elementor-widget elementor-widget-heading\" data-id=\"1dd2493\" data-element_type=\"widget\" data-e-type=\"widget\" data-widget_type=\"heading.default\">\n\t\t\t\t<div class=\"elementor-widget-container\">\n\t\t\t\t\t<h2 class=\"elementor-heading-title elementor-size-default\">Obrazy sznurkowe<\/h2>\t\t\t\t<\/div>\n\t\t\t\t<\/div>\n\t\t\t\t<div class=\"elementor-element elementor-element-34b5717 elementor-widget elementor-widget-eael-adv-accordion\" data-id=\"34b5717\" data-element_type=\"widget\" data-e-type=\"widget\" data-widget_type=\"eael-adv-accordion.default\">\n\t\t\t\t<div class=\"elementor-widget-container\">\n\t\t\t\t\t            <div class=\"eael-adv-accordion\" id=\"eael-adv-accordion-34b5717\" data-scroll-on-click=\"no\" data-scroll-speed=\"300\" data-accordion-id=\"34b5717\" data-accordion-type=\"accordion\" data-toogle-speed=\"300\">\n            <div class=\"eael-accordion-list\">\n\t\t\t\t\t<div id=\"czy-produkty-wygldaj-dokadnie-tak-jak-na-zdjciach\" class=\"elementor-tab-title eael-accordion-header\" tabindex=\"0\" data-tab=\"1\" aria-controls=\"elementor-tab-content-5521\"><span class=\"eael-advanced-accordion-icon-closed\"><i aria-hidden=\"true\" class=\"fa-accordion-icon fas fa-plus\"><\/i><\/span><span class=\"eael-advanced-accordion-icon-opened\"><i aria-hidden=\"true\" class=\"fa-accordion-icon fas fa-minus\"><\/i><\/span><span class=\"eael-accordion-tab-title\">Czy produkty wygl\u0105daj\u0105 dok\u0142adnie tak jak na zdj\u0119ciach?<\/span><i aria-hidden=\"true\" class=\"fa-toggle fas fa-angle-right\"><\/i><\/div><div id=\"elementor-tab-content-5521\" class=\"eael-accordion-content clearfix\" data-tab=\"1\" aria-labelledby=\"czy-produkty-wygldaj-dokadnie-tak-jak-na-zdjciach\"><p>Dok\u0142adamy wszelkich stara\u0144, aby zdj\u0119cia jak najlepiej oddawa\u0142y rzeczywisty wygl\u0105d produkt\u00f3w. Uk\u0142ad i wz\u00f3r s\u0105 takie same, ale ze wzgl\u0119du na r\u0119czne wykonanie ka\u017cdy obraz mo\u017ce si\u0119 delikatnie r\u00f3\u017cni\u0107 \u2014 to w\u0142a\u015bnie jego urok \ud83d\ude42 Ze wzgl\u0119du na ustawienia ekranu kolory mog\u0105 si\u0119 delikatnie r\u00f3\u017cni\u0107<\/p><\/div>\n\t\t\t\t\t<\/div><div class=\"eael-accordion-list\">\n\t\t\t\t\t<div id=\"czy-obrazy-s-naprawd-wykonywane-rcznie\" class=\"elementor-tab-title eael-accordion-header\" tabindex=\"0\" data-tab=\"2\" aria-controls=\"elementor-tab-content-5522\"><span class=\"eael-advanced-accordion-icon-closed\"><i aria-hidden=\"true\" class=\"fa-accordion-icon fas fa-plus\"><\/i><\/span><span class=\"eael-advanced-accordion-icon-opened\"><i aria-hidden=\"true\" class=\"fa-accordion-icon fas fa-minus\"><\/i><\/span><span class=\"eael-accordion-tab-title\">Czy obrazy s\u0105 naprawd\u0119 wykonywane r\u0119cznie?<\/span><i aria-hidden=\"true\" class=\"fa-toggle fas fa-angle-right\"><\/i><\/div><div id=\"elementor-tab-content-5522\" class=\"eael-accordion-content clearfix\" data-tab=\"2\" aria-labelledby=\"czy-obrazy-s-naprawd-wykonywane-rcznie\"><p>Tak \u2014 ka\u017cdy obraz powstaje w 100% r\u0119cznie. Ka\u017cdy gw\u00f3\u017ad\u017a i ka\u017cdy sznurek jest umieszczany r\u0119cznie, dzi\u0119ki czemu ka\u017cdy egzemplarz jest unikalny<\/p><\/div>\n\t\t\t\t\t<\/div><div class=\"eael-accordion-list\">\n\t\t\t\t\t<div id=\"z-czego-wykonane-s-obrazy\" class=\"elementor-tab-title eael-accordion-header\" tabindex=\"0\" data-tab=\"3\" aria-controls=\"elementor-tab-content-5523\"><span class=\"eael-advanced-accordion-icon-closed\"><i aria-hidden=\"true\" class=\"fa-accordion-icon fas fa-plus\"><\/i><\/span><span class=\"eael-advanced-accordion-icon-opened\"><i aria-hidden=\"true\" class=\"fa-accordion-icon fas fa-minus\"><\/i><\/span><span class=\"eael-accordion-tab-title\">Z czego wykonane s\u0105 obrazy?<\/span><i aria-hidden=\"true\" class=\"fa-toggle fas fa-angle-right\"><\/i><\/div><div id=\"elementor-tab-content-5523\" class=\"eael-accordion-content clearfix\" data-tab=\"3\" aria-labelledby=\"z-czego-wykonane-s-obrazy\"><p>Nasze obrazy powstaj\u0105 z wysokiej jako\u015bci materia\u0142\u00f3w: drewnianej ramy, p\u0142\u00f3tna i trwa\u0142ych sznurk\u00f3w bawe\u0142nianych.<\/p><\/div>\n\t\t\t\t\t<\/div><div class=\"eael-accordion-list\">\n\t\t\t\t\t<div id=\"czy-mog-zamwi-inny-rozmiar-lub-wzr\" class=\"elementor-tab-title eael-accordion-header\" tabindex=\"0\" data-tab=\"4\" aria-controls=\"elementor-tab-content-5524\"><span class=\"eael-advanced-accordion-icon-closed\"><i aria-hidden=\"true\" class=\"fa-accordion-icon fas fa-plus\"><\/i><\/span><span class=\"eael-advanced-accordion-icon-opened\"><i aria-hidden=\"true\" class=\"fa-accordion-icon fas fa-minus\"><\/i><\/span><span class=\"eael-accordion-tab-title\">Czy mog\u0119 zam\u00f3wi\u0107 inny rozmiar lub wz\u00f3r?<\/span><i aria-hidden=\"true\" class=\"fa-toggle fas fa-angle-right\"><\/i><\/div><div id=\"elementor-tab-content-5524\" class=\"eael-accordion-content clearfix\" data-tab=\"4\" aria-labelledby=\"czy-mog-zamwi-inny-rozmiar-lub-wzr\"><p>W wielu przypadkach tak \u2014 napisz do nas, a sprawdzimy mo\u017cliwo\u015b\u0107 wykonania indywidualnego projektu.<\/p><\/div>\n\t\t\t\t\t<\/div><div class=\"eael-accordion-list\">\n\t\t\t\t\t<div id=\"jak-zamontowa-obraz-na-cianie\" class=\"elementor-tab-title eael-accordion-header\" tabindex=\"0\" data-tab=\"5\" aria-controls=\"elementor-tab-content-5525\"><span class=\"eael-advanced-accordion-icon-closed\"><i aria-hidden=\"true\" class=\"fa-accordion-icon fas fa-plus\"><\/i><\/span><span class=\"eael-advanced-accordion-icon-opened\"><i aria-hidden=\"true\" class=\"fa-accordion-icon fas fa-minus\"><\/i><\/span><span class=\"eael-accordion-tab-title\">Jak zamontowa\u0107 obraz na \u015bcianie?<\/span><i aria-hidden=\"true\" class=\"fa-toggle fas fa-angle-right\"><\/i><\/div><div id=\"elementor-tab-content-5525\" class=\"eael-accordion-content clearfix\" data-tab=\"5\" aria-labelledby=\"jak-zamontowa-obraz-na-cianie\"><p>Obraz jest gotowy do zawieszenia \u2014 wystarczy standardowy haczyk lub gw\u00f3\u017ad\u017a w \u015bcianie.<\/p><p>\u00a0<\/p><\/div>\n\t\t\t\t\t<\/div><div class=\"eael-accordion-list\">\n\t\t\t\t\t<div id=\"czy-obraz-jest-ciki\" class=\"elementor-tab-title eael-accordion-header\" tabindex=\"0\" data-tab=\"6\" aria-controls=\"elementor-tab-content-5526\"><span class=\"eael-advanced-accordion-icon-closed\"><i aria-hidden=\"true\" class=\"fa-accordion-icon fas fa-plus\"><\/i><\/span><span class=\"eael-advanced-accordion-icon-opened\"><i aria-hidden=\"true\" class=\"fa-accordion-icon fas fa-minus\"><\/i><\/span><span class=\"eael-accordion-tab-title\">Czy obraz jest ci\u0119\u017cki?<\/span><i aria-hidden=\"true\" class=\"fa-toggle fas fa-angle-right\"><\/i><\/div><div id=\"elementor-tab-content-5526\" class=\"eael-accordion-content clearfix\" data-tab=\"6\" aria-labelledby=\"czy-obraz-jest-ciki\"><p>Nie \u2014 wi\u0119kszo\u015b\u0107 modeli jest stosunkowo lekka i nie wymaga specjalnych mocowa\u0144.<\/p><p>\u00a0<\/p><\/div>\n\t\t\t\t\t<\/div><div class=\"eael-accordion-list\">\n\t\t\t\t\t<div id=\"jak-dba-o-obraz\" class=\"elementor-tab-title eael-accordion-header\" tabindex=\"0\" data-tab=\"7\" aria-controls=\"elementor-tab-content-5527\"><span class=\"eael-advanced-accordion-icon-closed\"><i aria-hidden=\"true\" class=\"fa-accordion-icon fas fa-plus\"><\/i><\/span><span class=\"eael-advanced-accordion-icon-opened\"><i aria-hidden=\"true\" class=\"fa-accordion-icon fas fa-minus\"><\/i><\/span><span class=\"eael-accordion-tab-title\">Jak dba\u0107 o obraz?<\/span><i aria-hidden=\"true\" class=\"fa-toggle fas fa-angle-right\"><\/i><\/div><div id=\"elementor-tab-content-5527\" class=\"eael-accordion-content clearfix\" data-tab=\"7\" aria-labelledby=\"jak-dba-o-obraz\"><p>Obraz najlepiej czy\u015bci\u0107 rolk\u0105 do ubra\u0144, such\u0105, mi\u0119kk\u0105 \u015bciereczk\u0105 lub delikatnym p\u0119dzelkiem.<br \/>Mo\u017cna u\u017cy\u0107 odkurzacza na niskiej mocy (z zachowaniem odst\u0119pu).<br \/>Unikaj wilgoci i kontaktu z wod\u0105.<\/p><p>Piel\u0119gnacja: Tw\u00f3j obraz zosta\u0142 wykonany r\u0119cznie z bawe\u0142nianego sznurka, dlatego warto zadba\u0107 o niego w odpowiedni spos\u00f3b \u2014 dzi\u0119ki temu b\u0119dzie wygl\u0105da\u0142 \u015bwietnie przez lata.<\/p><p>Czyszczenie: Do usuwania kurzu najlepiej sprawdzi si\u0119:<\/p><ul><li>standardowa rolka do ubra\u0144 (przesuwana zgodnie z kierunkiem sznurk\u00f3w)<\/li><li>mi\u0119kka \u015bciereczka (np. mikrofibra)<\/li><li>delikatny p\u0119dzelek<\/li><\/ul><p>Kurz usuwaj lekko, bez nacisku \u2014 to w pe\u0142ni wystarczy, by zachowa\u0107 estetyk\u0119 obrazu.<\/p><p>Odkurzacz: Mo\u017cesz u\u017cywa\u0107 odkurzacza, ale:<\/p><ul><li>tylko na niskiej mocy<\/li><li>z ko\u0144c\u00f3wk\u0105 szczotkow\u0105<\/li><li>zachowuj\u0105c niewielki dystans<\/li><\/ul><p>Dzi\u0119ki temu unikniesz naruszenia struktury sznurka.<\/p><p>Czego unika\u0107:<\/p><ul><li>kontaktu z wod\u0105 i wilgoci\u0105<\/li><li>detergent\u00f3w i \u015brodk\u00f3w czyszcz\u0105cych<\/li><li>intensywnego tarcia<\/li><\/ul><p>Dodatkowe wskaz\u00f3wki: aby obraz zachowa\u0142 sw\u00f3j wygl\u0105d:<\/p><ul><li>unikaj d\u0142ugiej ekspozycji na s\u0142o\u0144ce<\/li><li>nie wieszaj w bardzo wilgotnych pomieszczeniach<\/li><\/ul><\/div>\n\t\t\t\t\t<\/div><\/div>\t\t\t\t<\/div>\n\t\t\t\t<\/div>\n\t\t\t\t<\/div>\n\t\t\t\t<\/div>","protected":false},"excerpt":{"rendered":"<p>Zam\u00f3wienia, wysy\u0142ka, zwroty Jak z\u0142o\u017cy\u0107 zam\u00f3wienie? Chcesz z\u0142o\u017cy\u0107 zam\u00f3wienie w naszym sklepie? Wybierz produkt, kt\u00f3ry przypad\u0142 Ci do gustu, dodaj produkt do koszyka, przejd\u017a do kasy i wype\u0142nij swoje dane adresowe. Wybierz dogodn\u0105 dla Ciebie form\u0119 dostawy i przejd\u017a do p\u0142atno\u015bci. P\u0142atno\u015bci mo\u017cna dokona\u0107 poprzez PayNow, Blik lub wybra\u0107 opcj\u0119 za pobraniem.\u00a0 Jaki jest czas dostawy? Czas dostawy to \u015brednio 5-7 dni w zale\u017cno\u015bci od dost\u0119pno\u015bci produktu. Czasami czas oczekiwania jest d\u0142u\u017cszy z racji r\u0119cznego wykonywania obrazu. Je\u015bli produkt jest tworzony na zam\u00f3wienie, czas mo\u017ce by\u0107 nieco d\u0142u\u017cszy \u2014 informacja zawsze znajduje si\u0119 na stronie produktu. Dok\u0142adamy wszelkich stara\u0144 aby paczka dotar\u0142a do Ciebie jak najszybciej, mo\u017cliwe s\u0105 jednak op\u00f3\u017anienia po stronie przewo\u017anika. Jak dokona\u0107 zwrotu produkt\u00f3w? Na dokonanie zwrotu masz 14 dni od momentu odebrania paczki. Je\u015bli chcesz zwr\u00f3ci\u0107 lub zareklamowa\u0107 produkt rekomendujemy odwiedzi\u0107 nasz\u0105 stron\u0119 ZWROTY I REKLAMACJE,\u00a0na kt\u00f3rej znajdziesz wszystkie potrzebne informacje oraz formularz zwrotu\/reklamacji.\u00a0 Zamawia\u0142em kilka produkt\u00f3w, a otrzyma\u0142em\/am jeden? Je\u015bli zam\u00f3wi\u0142e\u015b wi\u0119cej produkt\u00f3w, to mog\u0142y zosta\u0107 one wys\u0142ane w osobnych paczkach. Prosimy o oczekiwanie na kolejne paczki, kt\u00f3re niebawem b\u0119d\u0105 na miejscu. Je\u015bli nie dosta\u0142e\u015b swojego produktu skontaktuj si\u0119 z nami jak najszybciej! Czy wysy\u0142acie za granic\u0119? Nie, niestety na ten moment nie realizujemy wysy\u0142ki za granic\u0119. Obrazy sznurkowe Czy produkty wygl\u0105daj\u0105 dok\u0142adnie tak jak na zdj\u0119ciach? Dok\u0142adamy wszelkich stara\u0144, aby zdj\u0119cia jak najlepiej oddawa\u0142y rzeczywisty wygl\u0105d produkt\u00f3w. Uk\u0142ad i wz\u00f3r s\u0105 takie same, ale ze wzgl\u0119du na r\u0119czne wykonanie ka\u017cdy obraz mo\u017ce si\u0119 delikatnie r\u00f3\u017cni\u0107 \u2014 to w\u0142a\u015bnie jego urok \ud83d\ude42 Ze wzgl\u0119du na ustawienia ekranu kolory mog\u0105 si\u0119 delikatnie r\u00f3\u017cni\u0107 Czy obrazy s\u0105 naprawd\u0119 wykonywane r\u0119cznie? Tak \u2014 ka\u017cdy obraz powstaje w 100% r\u0119cznie. Ka\u017cdy gw\u00f3\u017ad\u017a i ka\u017cdy sznurek jest umieszczany r\u0119cznie, dzi\u0119ki czemu ka\u017cdy egzemplarz jest unikalny Z czego wykonane s\u0105 obrazy? Nasze obrazy powstaj\u0105 z wysokiej jako\u015bci materia\u0142\u00f3w: drewnianej ramy, p\u0142\u00f3tna i trwa\u0142ych sznurk\u00f3w bawe\u0142nianych. Czy mog\u0119 zam\u00f3wi\u0107 inny rozmiar lub wz\u00f3r? W wielu przypadkach tak \u2014 napisz do nas, a sprawdzimy mo\u017cliwo\u015b\u0107 wykonania indywidualnego projektu. Jak zamontowa\u0107 obraz na \u015bcianie? Obraz jest gotowy do zawieszenia \u2014 wystarczy standardowy haczyk lub gw\u00f3\u017ad\u017a w \u015bcianie. \u00a0 Czy obraz jest ci\u0119\u017cki? Nie \u2014 wi\u0119kszo\u015b\u0107 modeli jest stosunkowo lekka i nie wymaga specjalnych mocowa\u0144. \u00a0 Jak dba\u0107 o obraz? Obraz najlepiej czy\u015bci\u0107 rolk\u0105 do ubra\u0144, such\u0105, mi\u0119kk\u0105 \u015bciereczk\u0105 lub delikatnym p\u0119dzelkiem.Mo\u017cna u\u017cy\u0107 odkurzacza na niskiej mocy (z zachowaniem odst\u0119pu).Unikaj wilgoci i kontaktu z wod\u0105. Piel\u0119gnacja: Tw\u00f3j obraz zosta\u0142 wykonany r\u0119cznie z bawe\u0142nianego sznurka, dlatego warto zadba\u0107 o niego w odpowiedni spos\u00f3b \u2014 dzi\u0119ki temu b\u0119dzie wygl\u0105da\u0142 \u015bwietnie przez lata. Czyszczenie: Do usuwania kurzu najlepiej sprawdzi si\u0119: standardowa rolka do ubra\u0144 (przesuwana zgodnie z kierunkiem sznurk\u00f3w) mi\u0119kka \u015bciereczka (np. mikrofibra) delikatny p\u0119dzelek Kurz usuwaj lekko, bez nacisku \u2014 to w pe\u0142ni wystarczy, by zachowa\u0107 estetyk\u0119 obrazu. Odkurzacz: Mo\u017cesz u\u017cywa\u0107 odkurzacza, ale: tylko na niskiej mocy z ko\u0144c\u00f3wk\u0105 szczotkow\u0105 zachowuj\u0105c niewielki dystans Dzi\u0119ki temu unikniesz naruszenia struktury sznurka. Czego unika\u0107: kontaktu z wod\u0105 i wilgoci\u0105 detergent\u00f3w i \u015brodk\u00f3w czyszcz\u0105cych intensywnego tarcia Dodatkowe wskaz\u00f3wki: aby obraz zachowa\u0142 sw\u00f3j wygl\u0105d: unikaj d\u0142ugiej ekspozycji na s\u0142o\u0144ce nie wieszaj w bardzo wilgotnych pomieszczeniach<\/p>","protected":false},"author":1,"featured_media":0,"parent":0,"menu_order":0,"comment_status":"closed","ping_status":"closed","template":"","meta":{"site-sidebar-layout":"no-sidebar","site-content-layout":"page-builder","ast-site-content-layout":"default","site-content-style":"default","site-sidebar-style":"default","ast-global-header-display":"","ast-banner-title-visibility":"","ast-main-header-display":"","ast-hfb-above-header-display":"","ast-hfb-below-header-display":"","ast-hfb-mobile-header-display":"","site-post-title":"disabled","ast-breadcrumbs-content":"","ast-featured-img":"disabled","footer-sml-layout":"","ast-disable-related-posts":"","theme-transparent-header-meta":"","adv-header-id-meta":"","stick-header-meta":"","header-above-stick-meta":"","header-main-stick-meta":"","header-below-stick-meta":"","astra-migrate-meta-layouts":"default","ast-page-background-enabled":"default","ast-page-background-meta":{"desktop":{"background-color":"var(--ast-global-color-5)","background-image":"","background-repeat":"repeat","background-position":"center center","background-size":"auto","background-attachment":"scroll","background-type":"","background-media":"","overlay-type":"","overlay-color":"","overlay-opacity":"","overlay-gradient":""},"tablet":{"background-color":"","background-image":"","background-repeat":"repeat","background-position":"center center","background-size":"auto","background-attachment":"scroll","background-type":"","background-media":"","overlay-type":"","overlay-color":"","overlay-opacity":"","overlay-gradient":""},"mobile":{"background-color":"","background-image":"","background-repeat":"repeat","background-position":"center center","background-size":"auto","background-attachment":"scroll","background-type":"","background-media":"","overlay-type":"","overlay-color":"","overlay-opacity":"","overlay-gradient":""}},"ast-content-background-meta":{"desktop":{"background-color":"var(--ast-global-color-4)","background-image":"","background-repeat":"repeat","background-position":"center center","background-size":"auto","background-attachment":"scroll","background-type":"","background-media":"","overlay-type":"","overlay-color":"","overlay-opacity":"","overlay-gradient":""},"tablet":{"background-color":"var(--ast-global-color-4)","background-image":"","background-repeat":"repeat","background-position":"center center","background-size":"auto","background-attachment":"scroll","background-type":"","background-media":"","overlay-type":"","overlay-color":"","overlay-opacity":"","overlay-gradient":""},"mobile":{"background-color":"var(--ast-global-color-4)","background-image":"","background-repeat":"repeat","background-position":"center center","background-size":"auto","background-attachment":"scroll","background-type":"","background-media":"","overlay-type":"","overlay-color":"","overlay-opacity":"","overlay-gradient":""}},"footnotes":""},"class_list":["post-2239","page","type-page","status-publish","hentry"],"_links":{"self":[{"href":"https:\/\/maisonarte.pl\/en\/wp-json\/wp\/v2\/pages\/2239","targetHints":{"allow":["GET"]}}],"collection":[{"href":"https:\/\/maisonarte.pl\/en\/wp-json\/wp\/v2\/pages"}],"about":[{"href":"https:\/\/maisonarte.pl\/en\/wp-json\/wp\/v2\/types\/page"}],"author":[{"embeddable":true,"href":"https:\/\/maisonarte.pl\/en\/wp-json\/wp\/v2\/users\/1"}],"replies":[{"embeddable":true,"href":"https:\/\/maisonarte.pl\/en\/wp-json\/wp\/v2\/comments?post=2239"}],"version-history":[{"count":0,"href":"https:\/\/maisonarte.pl\/en\/wp-json\/wp\/v2\/pages\/2239\/revisions"}],"wp:attachment":[{"href":"https:\/\/maisonarte.pl\/en\/wp-json\/wp\/v2\/media?parent=2239"}],"curies":[{"name":"wp","href":"https:\/\/api.w.org\/{rel}","templated":true}]}}