{"id":10259,"date":"2026-03-24T20:17:35","date_gmt":"2026-03-24T19:17:35","guid":{"rendered":"https:\/\/maisonarte.pl\/?post_type=product&#038;p=10259"},"modified":"2026-04-13T03:56:17","modified_gmt":"2026-04-13T01:56:17","slug":"elin","status":"publish","type":"product","link":"https:\/\/maisonarte.pl\/en\/sklep\/obrazy-sznurkowe\/elin\/","title":{"rendered":"Elin"},"content":{"rendered":"<div data-elementor-type=\"wp-post\" data-elementor-id=\"10259\" class=\"elementor elementor-10259\">\n\t\t\t\t\t\t<section class=\"elementor-section elementor-top-section elementor-element elementor-element-98aad4b elementor-section-full_width elementor-section-height-default elementor-section-height-default\" data-id=\"98aad4b\" data-element_type=\"section\" data-e-type=\"section\">\n\t\t\t\t\t\t<div class=\"elementor-container elementor-column-gap-default\">\n\t\t\t\t\t<div class=\"elementor-column elementor-col-100 elementor-top-column elementor-element elementor-element-324a08f\" data-id=\"324a08f\" data-element_type=\"column\" data-e-type=\"column\">\n\t\t\t<div class=\"elementor-widget-wrap elementor-element-populated\">\n\t\t\t\t\t\t<section class=\"elementor-section elementor-inner-section elementor-element elementor-element-2296191 elementor-section-boxed elementor-section-height-default elementor-section-height-default\" data-id=\"2296191\" data-element_type=\"section\" data-e-type=\"section\">\n\t\t\t\t\t\t<div class=\"elementor-container elementor-column-gap-default\">\n\t\t\t\t\t<div class=\"elementor-column elementor-col-100 elementor-inner-column elementor-element elementor-element-54930e8\" data-id=\"54930e8\" data-element_type=\"column\" data-e-type=\"column\">\n\t\t\t<div class=\"elementor-widget-wrap\">\n\t\t\t\t\t\t\t<\/div>\n\t\t<\/div>\n\t\t\t\t\t<\/div>\n\t\t<\/section>\n\t\t\t\t\t<\/div>\n\t\t<\/div>\n\t\t\t\t\t<\/div>\n\t\t<\/section>\n\t\t\t\t<\/div>","protected":false},"excerpt":{"rendered":"<p>Obraz jest wykonany w technice tekstylnej z wyra\u017an\u0105, geometryczn\u0105 kompozycj\u0105. Po\u0142\u0105czenie stonowanej kolorystyki i rytmicznej struktury materia\u0142u wprowadza subteln\u0105 g\u0142\u0119bi\u0119. Ca\u0142o\u015b\u0107 jest oprawiona w minimalistyczn\u0105, ciemn\u0105 ram\u0119, kt\u00f3ra podkre\u015bla nowoczesny styl i sprawia, \u017ce obraz doskonale odnajdzie si\u0119 w aran\u017cacjach typu modern, japandi czy soft loft.<\/p>","protected":false},"featured_media":10261,"template":"","meta":{"site-sidebar-layout":"default","site-content-layout":"default","ast-site-content-layout":"default","site-content-style":"default","site-sidebar-style":"default","ast-global-header-display":"","ast-banner-title-visibility":"","ast-main-header-display":"","ast-hfb-above-header-display":"","ast-hfb-below-header-display":"","ast-hfb-mobile-header-display":"","site-post-title":"","ast-breadcrumbs-content":"","ast-featured-img":"","footer-sml-layout":"","ast-disable-related-posts":"","theme-transparent-header-meta":"default","adv-header-id-meta":"","stick-header-meta":"","header-above-stick-meta":"","header-main-stick-meta":"","header-below-stick-meta":"","astra-migrate-meta-layouts":"set","ast-page-background-enabled":"default","ast-page-background-meta":{"desktop":{"background-color":"var(--ast-global-color-5)","background-image":"","background-repeat":"repeat","background-position":"center center","background-size":"auto","background-attachment":"scroll","background-type":"","background-media":"","overlay-type":"","overlay-color":"","overlay-opacity":"","overlay-gradient":""},"tablet":{"background-color":"","background-image":"","background-repeat":"repeat","background-position":"center center","background-size":"auto","background-attachment":"scroll","background-type":"","background-media":"","overlay-type":"","overlay-color":"","overlay-opacity":"","overlay-gradient":""},"mobile":{"background-color":"","background-image":"","background-repeat":"repeat","background-position":"center center","background-size":"auto","background-attachment":"scroll","background-type":"","background-media":"","overlay-type":"","overlay-color":"","overlay-opacity":"","overlay-gradient":""}},"ast-content-background-meta":{"desktop":{"background-color":"var(--ast-global-color-4)","background-image":"","background-repeat":"repeat","background-position":"center center","background-size":"auto","background-attachment":"scroll","background-type":"","background-media":"","overlay-type":"","overlay-color":"","overlay-opacity":"","overlay-gradient":""},"tablet":{"background-color":"var(--ast-global-color-4)","background-image":"","background-repeat":"repeat","background-position":"center center","background-size":"auto","background-attachment":"scroll","background-type":"","background-media":"","overlay-type":"","overlay-color":"","overlay-opacity":"","overlay-gradient":""},"mobile":{"background-color":"var(--ast-global-color-4)","background-image":"","background-repeat":"repeat","background-position":"center center","background-size":"auto","background-attachment":"scroll","background-type":"","background-media":"","overlay-type":"","overlay-color":"","overlay-opacity":"","overlay-gradient":""}}},"product_brand":[],"product_cat":[171],"product_tag":[144,143,145,162,161,159,160,164,163],"class_list":{"0":"post-10259","1":"product","2":"type-product","3":"status-publish","4":"has-post-thumbnail","6":"product_cat-obrazy-sznurkowe","7":"product_tag-3d","8":"product_tag-obraz","9":"product_tag-obrazstrukturalny","10":"product_tag-obrazy-strukturalne","11":"product_tag-obrazystrukturalne","12":"product_tag-rzezba","13":"product_tag-rzezbascienna","14":"product_tag-rzezby-scienne","15":"product_tag-rzezbyscienne","16":"desktop-align-center","17":"tablet-align-center","18":"mobile-align-center","20":"first","21":"instock","22":"shipping-taxable","23":"purchasable","24":"product-type-simple"},"_links":{"self":[{"href":"https:\/\/maisonarte.pl\/en\/wp-json\/wp\/v2\/product\/10259","targetHints":{"allow":["GET"]}}],"collection":[{"href":"https:\/\/maisonarte.pl\/en\/wp-json\/wp\/v2\/product"}],"about":[{"href":"https:\/\/maisonarte.pl\/en\/wp-json\/wp\/v2\/types\/product"}],"version-history":[{"count":3,"href":"https:\/\/maisonarte.pl\/en\/wp-json\/wp\/v2\/product\/10259\/revisions"}],"predecessor-version":[{"id":11710,"href":"https:\/\/maisonarte.pl\/en\/wp-json\/wp\/v2\/product\/10259\/revisions\/11710"}],"wp:featuredmedia":[{"embeddable":true,"href":"https:\/\/maisonarte.pl\/en\/wp-json\/wp\/v2\/media\/10261"}],"wp:attachment":[{"href":"https:\/\/maisonarte.pl\/en\/wp-json\/wp\/v2\/media?parent=10259"}],"wp:term":[{"taxonomy":"product_brand","embeddable":true,"href":"https:\/\/maisonarte.pl\/en\/wp-json\/wp\/v2\/product_brand?post=10259"},{"taxonomy":"product_cat","embeddable":true,"href":"https:\/\/maisonarte.pl\/en\/wp-json\/wp\/v2\/product_cat?post=10259"},{"taxonomy":"product_tag","embeddable":true,"href":"https:\/\/maisonarte.pl\/en\/wp-json\/wp\/v2\/product_tag?post=10259"}],"curies":[{"name":"wp","href":"https:\/\/api.w.org\/{rel}","templated":true}]}}