{"id":9317,"date":"2024-10-18T12:47:26","date_gmt":"2024-10-18T10:47:26","guid":{"rendered":"https:\/\/maisonarte.pl\/?post_type=product&#038;p=9317"},"modified":"2026-04-11T19:56:02","modified_gmt":"2026-04-11T17:56:02","slug":"tago","status":"publish","type":"product","link":"https:\/\/maisonarte.pl\/en\/sklep\/rzezby_scienne\/tago\/","title":{"rendered":"Tago"},"content":{"rendered":"<div data-elementor-type=\"wp-post\" data-elementor-id=\"9317\" class=\"elementor elementor-9317\">\n\t\t\t\t\t\t<section class=\"elementor-section elementor-top-section elementor-element elementor-element-98aad4b elementor-section-full_width elementor-section-height-default elementor-section-height-default\" data-id=\"98aad4b\" data-element_type=\"section\" data-e-type=\"section\">\n\t\t\t\t\t\t<div class=\"elementor-container elementor-column-gap-default\">\n\t\t\t\t\t<div class=\"elementor-column elementor-col-100 elementor-top-column elementor-element elementor-element-324a08f\" data-id=\"324a08f\" data-element_type=\"column\" data-e-type=\"column\">\n\t\t\t<div class=\"elementor-widget-wrap elementor-element-populated\">\n\t\t\t\t\t\t<section class=\"elementor-section elementor-inner-section elementor-element elementor-element-2296191 elementor-section-boxed elementor-section-height-default elementor-section-height-default\" data-id=\"2296191\" data-element_type=\"section\" data-e-type=\"section\">\n\t\t\t\t\t\t<div class=\"elementor-container elementor-column-gap-default\">\n\t\t\t\t\t<div class=\"elementor-column elementor-col-100 elementor-inner-column elementor-element elementor-element-54930e8\" data-id=\"54930e8\" data-element_type=\"column\" data-e-type=\"column\">\n\t\t\t<div class=\"elementor-widget-wrap\">\n\t\t\t\t\t\t\t<\/div>\n\t\t<\/div>\n\t\t\t\t\t<\/div>\n\t\t<\/section>\n\t\t\t\t\t<\/div>\n\t\t<\/div>\n\t\t\t\t\t<\/div>\n\t\t<\/section>\n\t\t\t\t<\/div>","protected":false},"excerpt":{"rendered":"<p>Wyj\u0105tkowy obraz strukturalny, kt\u00f3ry opr\u00f3cz wyra\u017anie zaznaczonej struktury posiada tak\u017ce wystaj\u0105ce elementy. Obrazy wykonujemy z autorskiej mieszanki gipsu, kt\u00f3ra\u00a0 zosta\u0142a wykorzystana w spos\u00f3b doskonale imituj\u0105cy charakterystyczn\u0105 struktur\u0119 tkaniny <strong>boucle<\/strong>. Delikatne &#8222;p\u0119telki&#8221; i nier\u00f3wno\u015bci sprawiaj\u0105, \u017ce obraz nabiera \u017cycia, tworz\u0105c efekt g\u0142\u0119bi, a w po\u0142\u0105czeniu z wypuk\u0142o\u015bciami wprowadza do naszego wn\u0119trza efekt tr\u00f3jwymiarowo\u015bci. Kolorystyka jest stonowana i naturalna, pasuj\u0105ca idealnie do estetyki wabi-sabi.<\/p>","protected":false},"featured_media":9948,"template":"","meta":{"site-sidebar-layout":"default","site-content-layout":"default","ast-site-content-layout":"default","site-content-style":"default","site-sidebar-style":"default","ast-global-header-display":"","ast-banner-title-visibility":"","ast-main-header-display":"","ast-hfb-above-header-display":"","ast-hfb-below-header-display":"","ast-hfb-mobile-header-display":"","site-post-title":"","ast-breadcrumbs-content":"","ast-featured-img":"","footer-sml-layout":"","ast-disable-related-posts":"","theme-transparent-header-meta":"default","adv-header-id-meta":"","stick-header-meta":"","header-above-stick-meta":"","header-main-stick-meta":"","header-below-stick-meta":"","astra-migrate-meta-layouts":"set","ast-page-background-enabled":"default","ast-page-background-meta":{"desktop":{"background-color":"var(--ast-global-color-5)","background-image":"","background-repeat":"repeat","background-position":"center center","background-size":"auto","background-attachment":"scroll","background-type":"","background-media":"","overlay-type":"","overlay-color":"","overlay-opacity":"","overlay-gradient":""},"tablet":{"background-color":"","background-image":"","background-repeat":"repeat","background-position":"center center","background-size":"auto","background-attachment":"scroll","background-type":"","background-media":"","overlay-type":"","overlay-color":"","overlay-opacity":"","overlay-gradient":""},"mobile":{"background-color":"","background-image":"","background-repeat":"repeat","background-position":"center center","background-size":"auto","background-attachment":"scroll","background-type":"","background-media":"","overlay-type":"","overlay-color":"","overlay-opacity":"","overlay-gradient":""}},"ast-content-background-meta":{"desktop":{"background-color":"var(--ast-global-color-4)","background-image":"","background-repeat":"repeat","background-position":"center center","background-size":"auto","background-attachment":"scroll","background-type":"","background-media":"","overlay-type":"","overlay-color":"","overlay-opacity":"","overlay-gradient":""},"tablet":{"background-color":"var(--ast-global-color-4)","background-image":"","background-repeat":"repeat","background-position":"center center","background-size":"auto","background-attachment":"scroll","background-type":"","background-media":"","overlay-type":"","overlay-color":"","overlay-opacity":"","overlay-gradient":""},"mobile":{"background-color":"var(--ast-global-color-4)","background-image":"","background-repeat":"repeat","background-position":"center center","background-size":"auto","background-attachment":"scroll","background-type":"","background-media":"","overlay-type":"","overlay-color":"","overlay-opacity":"","overlay-gradient":""}}},"product_brand":[],"product_cat":[158],"product_tag":[144,143,145,162,161,159,160,164,163],"class_list":{"0":"post-9317","1":"product","2":"type-product","3":"status-publish","4":"has-post-thumbnail","6":"product_cat-rzezby_scienne","7":"product_tag-3d","8":"product_tag-obraz","9":"product_tag-obrazstrukturalny","10":"product_tag-obrazy-strukturalne","11":"product_tag-obrazystrukturalne","12":"product_tag-rzezba","13":"product_tag-rzezbascienna","14":"product_tag-rzezby-scienne","15":"product_tag-rzezbyscienne","16":"desktop-align-center","17":"tablet-align-center","18":"mobile-align-center","20":"first","21":"instock","22":"sold-individually","23":"shipping-taxable","24":"purchasable","25":"product-type-simple"},"_links":{"self":[{"href":"https:\/\/maisonarte.pl\/en\/wp-json\/wp\/v2\/product\/9317","targetHints":{"allow":["GET"]}}],"collection":[{"href":"https:\/\/maisonarte.pl\/en\/wp-json\/wp\/v2\/product"}],"about":[{"href":"https:\/\/maisonarte.pl\/en\/wp-json\/wp\/v2\/types\/product"}],"version-history":[{"count":1,"href":"https:\/\/maisonarte.pl\/en\/wp-json\/wp\/v2\/product\/9317\/revisions"}],"predecessor-version":[{"id":11674,"href":"https:\/\/maisonarte.pl\/en\/wp-json\/wp\/v2\/product\/9317\/revisions\/11674"}],"wp:featuredmedia":[{"embeddable":true,"href":"https:\/\/maisonarte.pl\/en\/wp-json\/wp\/v2\/media\/9948"}],"wp:attachment":[{"href":"https:\/\/maisonarte.pl\/en\/wp-json\/wp\/v2\/media?parent=9317"}],"wp:term":[{"taxonomy":"product_brand","embeddable":true,"href":"https:\/\/maisonarte.pl\/en\/wp-json\/wp\/v2\/product_brand?post=9317"},{"taxonomy":"product_cat","embeddable":true,"href":"https:\/\/maisonarte.pl\/en\/wp-json\/wp\/v2\/product_cat?post=9317"},{"taxonomy":"product_tag","embeddable":true,"href":"https:\/\/maisonarte.pl\/en\/wp-json\/wp\/v2\/product_tag?post=9317"}],"curies":[{"name":"wp","href":"https:\/\/api.w.org\/{rel}","templated":true}]}}